{"id":136,"date":"2022-09-04T19:46:21","date_gmt":"2022-09-04T17:46:21","guid":{"rendered":"https:\/\/bluerabbink.fr\/blog\/?page_id=136"},"modified":"2023-07-07T15:22:07","modified_gmt":"2023-07-07T13:22:07","slug":"blog-artiste-serigraphe","status":"publish","type":"page","link":"https:\/\/bluerabbink.fr\/blog\/","title":{"rendered":"Blog artiste s\u00e9rigraphe"},"content":{"rendered":"\r\n<p><img loading=\"lazy\" title=\"logo-bluerabbink\" src=\"https:\/\/bluerabbink.fr\/blog\/wp-content\/uploads\/2022\/09\/logo-bluerabbink-2019-300x300.png\" alt=\"logo-blog bluerabbink\" width=\"300\" height=\"300\" \/><\/p>\r\n<p>Bienvenue sur le blog <a href=\"https:\/\/bluerabbink.fr\/blog\/serigraphie\/\" data-internallinksmanager029f6b8e52c=\"1\" title=\"s\u00e9rigraphie\">s\u00e9rigraphie<\/a> de bluerabbink. Ce blog a \u00e9t\u00e9 cr\u00e9er et r\u00e9diger par un artiste s\u00e9rigraphe qui partage sa passion de l&rsquo;art, de la s\u00e9rigraphie, la d\u00e9coration et tout ce qui touche \u00e0 la personnalisation.<\/p>\r\n<p>D\u00e9couvrez des guides, des articles, astuces et id\u00e9es en tout genre autours de l&rsquo;art graphique.<\/p>\r\n<p><img loading=\"lazy\" title=\"comment faire une serigraphie papier\" src=\"https:\/\/bluerabbink.fr\/blog\/wp-content\/uploads\/2021\/11\/comment-faire-une-serigraphie-papier.jpg\" alt=\"comment faire une serigraphie papier\" width=\"640\" height=\"396\" \/><\/p>\r\n<p>La s\u00e9rigraphie vous est encore inconnue ? Pas de panique, nous allons vous expliquer<\/p>\r\n<p><a href=\"https:\/\/bluerabbink.fr\/blog\/quest-ce-que-la-serigraphie\/\">Qu&rsquo;est ce que la s\u00e9rigraphie ?<\/a><\/p>\r\n<p><img loading=\"lazy\" title=\"Comment faire de la s\u00e9rigraphie handmade, \u00e9tape par \u00e9tape\" src=\"https:\/\/bluerabbink.fr\/blog\/wp-content\/uploads\/2021\/11\/Comment-faire-de-la-serigraphie-handmade-etape-par-etape.jpg\" alt=\"Comment faire de la s\u00e9rigraphie handmade, \u00e9tape par \u00e9tape\" width=\"640\" height=\"396\" \/><\/p>\r\n<p>Vous connaissez la s\u00e9rigraphie, vous savez ce que c&rsquo;est, et vous avez envie de vous y mettre ? Vous avez de la chance, nous allons vous expliquer :<\/p>\r\n<p><a href=\"https:\/\/bluerabbink.fr\/blog\/faire-de-serigraphie-handmade-etape-etape\/\">Comment faire de la s\u00e9rigraphie handmade<\/a><\/p>\r\n<p><img loading=\"lazy\" title=\"materiel de serigraphie\" src=\"https:\/\/bluerabbink.fr\/blog\/wp-content\/uploads\/2022\/09\/materiel-de-serigraphie.jpg\" alt=\"materiel de serigraphie\" width=\"640\" height=\"396\" \/><\/p>\r\n<p>Maintenant que vous savez tout pour devenir s\u00e9rigraphe, il va falloir vous y mettre et investir dans<\/p>\r\n<p><a href=\"https:\/\/bluerabbink.fr\/blog\/quel-materiel-et-fourniture-pour-faire-de-la-serigraphie\/\">le mat\u00e9riel de s\u00e9rigraphie<\/a><\/p>\r\n<p><img loading=\"lazy\" title=\"livre s\u00e9rigraphie\" src=\"https:\/\/bluerabbink.fr\/blog\/wp-content\/uploads\/2022\/09\/livre-serigraphie.jpg\" alt=\"livre s\u00e9rigraphie\" width=\"640\" height=\"396\" \/><\/p>\r\n<p>Vous voulez \u00e9tudier la s\u00e9rigraphie pour en faire an tant qu&rsquo;artiste\u00a0 ? Ou vous inspirer d&rsquo;affiches connus ? D\u00e9couvrez notre liste de<\/p>\r\n<p><a href=\"https:\/\/bluerabbink.fr\/blog\/livre-serigraphie\/\">livre de s\u00e9rigraphie<\/a><\/p>\r\n<p><a role=\"button\" href=\"https:\/\/www.amazon.fr\/gp\/search?ie=UTF8&amp;tag=1984061703-21&amp;linkCode=ur2&amp;linkId=9afd3ce7e6d03e8c4f1cd28a1dc9af84&amp;camp=1642&amp;creative=6746&amp;index=books&amp;keywords=s\u00e9rigraphie\" target=\"_blank\" rel=\"noopener\"> Achetez un livre de s\u00e9rigraphie <\/a> <img loading=\"lazy\" title=\"cadeaux personnalis\u00e9s\" src=\"https:\/\/bluerabbink.fr\/blog\/wp-content\/uploads\/2022\/09\/cadeaux-personnalises.jpg\" alt=\"cadeaux personnalis\u00e9s\" width=\"640\" height=\"429\" \/><\/p>\r\n<p>Vous \u00eates \u00e0 la recherche d&rsquo;id\u00e9es de cadeaux, mais vous ne trouvez pas?<\/p>\r\n<p>Arr\u00eatez tout ! En tant que sp\u00e9cialiste de la personnalisation, nous avons trouv\u00e9 la liste des meilleurs<\/p>\r\n<p><a href=\"https:\/\/bluerabbink.fr\/blog\/cadeaux-personnalises-liste-de-nos-idees\/\">cadeaux personnalis\u00e9s<\/a><\/p>\r\n<h2>A propos de votre s\u00e9rigraphe<\/h2>\r\n<p>Je suis Grossemain, de mon vrai nom Romain Maillet. Je suis Graphiste et artiste s\u00e9rigraphe depuis plus de 15 ans. J&rsquo;ai d\u00e9cid\u00e9 de l\u00e9guer mon savoir et mes comp\u00e9tences en mati\u00e8re de technique d&rsquo;impression, de personnalisation et de d\u00e9coration. Ce blog est li\u00e9 \u00e0 la boutique Blue Rabb&rsquo;ink sur laquelle vous pouvez acheter des <a href=\"https:\/\/bluerabbink.fr\/21-affiches-serigraphies\">affiches en s\u00e9rigraphies<\/a>, mais aussi des posters, des illustrations et autres \u00e9l\u00e9ments de d\u00e9coration.<\/p>\r\n<p>L&rsquo;<a href=\"https:\/\/bluerabbink.fr\/content\/4-la-serigraphie-par-grossemain\">atelier de s\u00e9rigraphie se situe \u00e0 Nantes<\/a> \u00e0 mon domicile o\u00f9 je pratique la <a href=\"https:\/\/bluerabbink.fr\/blog\/la-serigraphie-maison-cest-quoi\/\" data-internallinksmanager029f6b8e52c=\"5\" title=\"s\u00e9rigraphie maison\">s\u00e9rigraphie maison<\/a> avec tout mon <a href=\"https:\/\/bluerabbink.fr\/blog\/quel-materiel-et-fourniture-pour-faire-de-la-serigraphie\/\" data-internallinksmanager029f6b8e52c=\"6\" title=\"materiel serigraphie\">mat\u00e9riel de s\u00e9rigraphie<\/a>.<\/p>\r\n<h3>Sp\u00e9cialiste de la personnalisation<\/h3>\r\n<p>Au del\u00e0 de ma passion de s\u00e9rigraphe, j&rsquo;ai acquis beaucoup d&rsquo;exp\u00e9rience dans le domaine de la communication par l&rsquo;objet et la personnalisation. C&rsquo;est pour cela que je vous donne les meilleures astuces pour trouver vos objets publicitaires et les meilleures id\u00e9es de <a href=\"https:\/\/bluerabbink.fr\/blog\/cadeaux-personnalises-liste-de-nos-idees\/\" data-internallinksmanager029f6b8e52c=\"21\" title=\"cadeaux personnalis\u00e9s\">cadeaux personnalis\u00e9s<\/a>.<\/p>\r\n<h3>Un amateur de d\u00e9coration d&rsquo;int\u00e9rieur<\/h3>\r\n<p>Ma passion pour le graphisme, l&rsquo;art et l&rsquo;image m&rsquo;am\u00e8ne aussi \u00e0 traiter des sujets de d\u00e9coration que ce soit avec des objets, de la peinture, des sculpture, des tableaux ou des affiches. Je travail r\u00e9guli\u00e8rement avec une architecte d&rsquo;int\u00e9rieure \u00e0 Nantes qui me conseil, m&rsquo;aiguille et m&rsquo;inspire beaucoup dans la d\u00e9co d&rsquo;un habitat. C&rsquo;est pour cela que je vous transmet \u00e9galement ce savoir qui pourra (j&rsquo;esp\u00e8re) vous \u00eatre utile dans vos projets d\u00e9co.<\/p>\r\n<p>&nbsp;<\/p>\r\n<h3>Nos articles pr\u00e9f\u00e9r\u00e9s<\/h3>\r\n<p><a href=\"https:\/\/bluerabbink.fr\/blog\/2018\/02\/12\/lapins-plus-celebres-de-pop-culture-mashup-delirant\/\">Les lapins c\u00e9l\u00e8bres<\/a><\/p>\r\n<p><a href=\"https:\/\/bluerabbink.fr\/blog\/ecran-de-serigraphie\/\">Tout savoir sur l&rsquo;\u00e9cran de s\u00e9rigraphie<\/a><\/p>\r\n<p>&nbsp;<\/p>\r\n<p>&nbsp;<\/p>\r\n","protected":false},"excerpt":{"rendered":"<p>Bienvenue sur le blog s\u00e9rigraphie de bluerabbink. Ce blog a \u00e9t\u00e9 cr\u00e9er et r\u00e9diger par un artiste s\u00e9rigraphe qui partage sa passion de l&rsquo;art, de la s\u00e9rigraphie, la d\u00e9coration et tout ce qui touche \u00e0 la personnalisation. D\u00e9couvrez des guides, des articles, astuces et id\u00e9es en tout genre autours de l&rsquo;art graphique. La s\u00e9rigraphie vous &hellip;<\/p>\n<p class=\"read-more\"> <a class=\"\" href=\"https:\/\/bluerabbink.fr\/blog\/\"> <span class=\"screen-reader-text\">Blog artiste s\u00e9rigraphe<\/span> Lire la suite\u00a0\u00bb<\/a><\/p>\n","protected":false},"author":1,"featured_media":0,"parent":0,"menu_order":0,"comment_status":"closed","ping_status":"closed","template":"","meta":{"site-sidebar-layout":"no-sidebar","site-content-layout":"page-builder","ast-main-header-display":"","ast-hfb-above-header-display":"","ast-hfb-below-header-display":"","ast-hfb-mobile-header-display":"","site-post-title":"disabled","ast-breadcrumbs-content":"","ast-featured-img":"disabled","footer-sml-layout":"","theme-transparent-header-meta":"default","adv-header-id-meta":"","stick-header-meta":"","header-above-stick-meta":"","header-main-stick-meta":"","header-below-stick-meta":""},"_links":{"self":[{"href":"https:\/\/bluerabbink.fr\/blog\/wp-json\/wp\/v2\/pages\/136"}],"collection":[{"href":"https:\/\/bluerabbink.fr\/blog\/wp-json\/wp\/v2\/pages"}],"about":[{"href":"https:\/\/bluerabbink.fr\/blog\/wp-json\/wp\/v2\/types\/page"}],"author":[{"embeddable":true,"href":"https:\/\/bluerabbink.fr\/blog\/wp-json\/wp\/v2\/users\/1"}],"replies":[{"embeddable":true,"href":"https:\/\/bluerabbink.fr\/blog\/wp-json\/wp\/v2\/comments?post=136"}],"version-history":[{"count":15,"href":"https:\/\/bluerabbink.fr\/blog\/wp-json\/wp\/v2\/pages\/136\/revisions"}],"predecessor-version":[{"id":399,"href":"https:\/\/bluerabbink.fr\/blog\/wp-json\/wp\/v2\/pages\/136\/revisions\/399"}],"wp:attachment":[{"href":"https:\/\/bluerabbink.fr\/blog\/wp-json\/wp\/v2\/media?parent=136"}],"curies":[{"name":"wp","href":"https:\/\/api.w.org\/{rel}","templated":true}]}}